{"id":100,"date":"2016-08-10T08:20:31","date_gmt":"2016-08-10T08:20:31","guid":{"rendered":"https:\/\/8degreethemes.com\/demo\/wp-corporate\/?page_id=100"},"modified":"2023-11-16T23:24:22","modified_gmt":"2023-11-17T05:24:22","slug":"why-8-degree","status":"publish","type":"page","link":"https:\/\/benitu.com.sv\/?page_id=100","title":{"rendered":"NUESTROS SERVICIOS"},"content":{"rendered":"<p>Sabemos lo valioso que es tu tiempo y lo urgente que son tus entregas, por eso le damos la importancia a cada tr\u00e1mite que necesitas, como si fueran realizado por ti mismo. <strong>Brindando cobertura a nivel nacional.<\/strong><\/p>\n<p>Contamos con personal altamente capacitado, con altos est\u00e1ndares de calidad para el manejo y traslado de tu mercanc\u00eda y mensajer\u00eda. Brindamos un servicio personalizado y nos adaptamos a la necesidad de nuestros clientes.<\/p>\n","protected":false},"excerpt":{"rendered":"<p>Sabemos lo valioso que es tu tiempo y lo urgente que son tus entregas, por eso le damos la importancia a cada tr\u00e1mite que necesitas, como si fueran realizado por ti mismo. Brindando cobertura a nivel nacional. Contamos con personal altamente capacitado, con altos est\u00e1ndares de calidad para el manejo y traslado de tu mercanc\u00eda [&hellip;]<\/p>\n","protected":false},"author":1,"featured_media":562,"parent":0,"menu_order":0,"comment_status":"closed","ping_status":"closed","template":"","meta":{"footnotes":""},"class_list":["post-100","page","type-page","status-publish","has-post-thumbnail","hentry"],"_links":{"self":[{"href":"https:\/\/benitu.com.sv\/index.php?rest_route=\/wp\/v2\/pages\/100","targetHints":{"allow":["GET"]}}],"collection":[{"href":"https:\/\/benitu.com.sv\/index.php?rest_route=\/wp\/v2\/pages"}],"about":[{"href":"https:\/\/benitu.com.sv\/index.php?rest_route=\/wp\/v2\/types\/page"}],"author":[{"embeddable":true,"href":"https:\/\/benitu.com.sv\/index.php?rest_route=\/wp\/v2\/users\/1"}],"replies":[{"embeddable":true,"href":"https:\/\/benitu.com.sv\/index.php?rest_route=%2Fwp%2Fv2%2Fcomments&post=100"}],"version-history":[{"count":5,"href":"https:\/\/benitu.com.sv\/index.php?rest_route=\/wp\/v2\/pages\/100\/revisions"}],"predecessor-version":[{"id":839,"href":"https:\/\/benitu.com.sv\/index.php?rest_route=\/wp\/v2\/pages\/100\/revisions\/839"}],"wp:featuredmedia":[{"embeddable":true,"href":"https:\/\/benitu.com.sv\/index.php?rest_route=\/wp\/v2\/media\/562"}],"wp:attachment":[{"href":"https:\/\/benitu.com.sv\/index.php?rest_route=%2Fwp%2Fv2%2Fmedia&parent=100"}],"curies":[{"name":"wp","href":"https:\/\/api.w.org\/{rel}","templated":true}]}}